{"id":2053,"date":"2017-12-27T14:09:33","date_gmt":"2017-12-27T13:09:33","guid":{"rendered":"http:\/\/villaceycominges.com\/?page_id=2053"},"modified":"2025-12-02T12:24:01","modified_gmt":"2025-12-02T11:24:01","slug":"studio","status":"publish","type":"page","link":"https:\/\/villaceycominges.com\/en\/studio\/","title":{"rendered":"Studio"},"content":{"rendered":"<div id='av_section_1'  class='avia-section av-av_section-2dcda1862a94bb522b437cf4f29dd74d main_color avia-section-default avia-no-shadow  avia-builder-el-0  el_before_av_section  avia-builder-el-first  avia-bg-style-scroll container_wrap fullsize'  ><div class='container av-section-cont-open' ><main  role=\"main\" itemprop=\"mainContentOfPage\"  class='template-page content  av-content-full alpha units'><div class='post-entry post-entry-type-page post-entry-2053'><div class='entry-content-wrapper clearfix'>\n\n<style type=\"text\/css\" data-created_by=\"avia_inline_auto\" id=\"style-css-av-av_one_half-826c1c0ca2001783299b013bb6b50dff\">\n.flex_column.av-av_one_half-826c1c0ca2001783299b013bb6b50dff{\nborder-radius:0px 0px 0px 0px;\n-webkit-border-radius:0px 0px 0px 0px;\n-moz-border-radius:0px 0px 0px 0px;\n}\n<\/style>\n<div class='flex_column av-av_one_half-826c1c0ca2001783299b013bb6b50dff av_one_half  avia-builder-el-1  el_before_av_one_half  avia-builder-el-first  first flex_column_div av-zero-column-padding '   ><p>\n<style type=\"text\/css\" data-created_by=\"avia_inline_auto\" id=\"style-css-av-av_heading-5a7a9bfe4304201d9566449a1254efb4\">\n#top .av-special-heading.av-av_heading-5a7a9bfe4304201d9566449a1254efb4{\npadding-bottom:20px;\nfont-size:22px;\n}\nbody .av-special-heading.av-av_heading-5a7a9bfe4304201d9566449a1254efb4 .av-special-heading-tag .heading-char{\nfont-size:25px;\n}\n#top #wrap_all .av-special-heading.av-av_heading-5a7a9bfe4304201d9566449a1254efb4 .av-special-heading-tag{\nfont-size:22px;\n}\n.av-special-heading.av-av_heading-5a7a9bfe4304201d9566449a1254efb4 .av-subheading{\nfont-size:15px;\n}\n<\/style>\n<div  class='av-special-heading av-av_heading-5a7a9bfe4304201d9566449a1254efb4 av-special-heading-h3 blockquote modern-quote  avia-builder-el-2  el_before_av_image  avia-builder-el-first  av-inherit-size'><h3 class='av-special-heading-tag'  itemprop=\"headline\"  >JOS\u00c9 JAVIER VILLAC\u00c9<br \/>MART\u00cdN DE COMINGES CARVALLO<br \/>RAM\u00d3N OJEA MART\u00cdNEZ DE LA ESCALERA<\/h3><div class=\"special-heading-border\"><div class=\"special-heading-inner-border\"><\/div><\/div><\/div><br \/>\n\n<style type=\"text\/css\" data-created_by=\"avia_inline_auto\" id=\"style-css-av-miohlvbx-b4007bc0bb5f653d374f38d6233123d3\">\n.avia-image-container.av-miohlvbx-b4007bc0bb5f653d374f38d6233123d3 .av-image-caption-overlay-center{\ncolor:#ffffff;\n}\n<\/style>\n<div  class='avia-image-container av-miohlvbx-b4007bc0bb5f653d374f38d6233123d3 av-styling- avia-align-center  avia-builder-el-3  el_after_av_heading  avia-builder-el-last '  itemprop=\"image\" itemscope=\"itemscope\" itemtype=\"https:\/\/schema.org\/ImageObject\" ><div class=\"avia-image-container-inner\"><div class=\"avia-image-overlay-wrap\"><img decoding=\"async\" class='wp-image-2974 avia-img-lazy-loading-not-2974 avia_image' src=\"https:\/\/villaceycominges.com\/wp-content\/uploads\/2025\/09\/estudio-03-3.jpg\" alt='' title='estudio-03'  height=\"1280\" width=\"1600\"  itemprop=\"thumbnailUrl\" srcset=\"https:\/\/villaceycominges.com\/wp-content\/uploads\/2025\/09\/estudio-03-3.jpg 1600w, https:\/\/villaceycominges.com\/wp-content\/uploads\/2025\/09\/estudio-03-3-300x240.jpg 300w, https:\/\/villaceycominges.com\/wp-content\/uploads\/2025\/09\/estudio-03-3-1030x824.jpg 1030w, https:\/\/villaceycominges.com\/wp-content\/uploads\/2025\/09\/estudio-03-3-768x614.jpg 768w, https:\/\/villaceycominges.com\/wp-content\/uploads\/2025\/09\/estudio-03-3-1536x1229.jpg 1536w, https:\/\/villaceycominges.com\/wp-content\/uploads\/2025\/09\/estudio-03-3-1500x1200.jpg 1500w, https:\/\/villaceycominges.com\/wp-content\/uploads\/2025\/09\/estudio-03-3-705x564.jpg 705w\" sizes=\"(max-width: 1600px) 100vw, 1600px\" \/><\/div><\/div><\/div><\/p><\/div>\n<style type=\"text\/css\" data-created_by=\"avia_inline_auto\" id=\"style-css-av-av_one_half-cec70c55ab5422a5a5af58e3f87bd87b\">\n.flex_column.av-av_one_half-cec70c55ab5422a5a5af58e3f87bd87b{\nborder-radius:0px 0px 0px 0px;\n-webkit-border-radius:0px 0px 0px 0px;\n-moz-border-radius:0px 0px 0px 0px;\n}\n<\/style>\n<div class='flex_column av-av_one_half-cec70c55ab5422a5a5af58e3f87bd87b av_one_half  avia-builder-el-4  el_after_av_one_half  avia-builder-el-last  flex_column_div av-zero-column-padding '   ><p><section  class='av_textblock_section av-av_textblock-2de302bf1aa3cf4c9157dbe6f50ac7eb'  itemscope=\"itemscope\" itemtype=\"https:\/\/schema.org\/CreativeWork\" ><div class='avia_textblock'  itemprop=\"text\" ><p>Jos\u00e9 Javier Villac\u00e9 and Mart\u00edn de Cominges collaborate since 1998 and founded the architectural practice Villac\u00e9 y Cominges in Vigo, in 2002. Over time, Villac\u00e9 y Cominges has developed projects of different scales both locally and internationally.<\/p>\n<p>During this trajectory, the commitment to an architecture of high quality has been maintained, focused on the construction of significant and vital places, and involved with both the physical and the cultural environment.<\/p>\n<p>His projects are published and exhibited regularly, and among the acknowledgments received are the COAG Award (in 2008 and 2016) or the Grande Area Awards.<\/p>\n<\/div><\/section><br \/>\n<section  class='av_textblock_section av-av_textblock-2de302bf1aa3cf4c9157dbe6f50ac7eb'  itemscope=\"itemscope\" itemtype=\"https:\/\/schema.org\/CreativeWork\" ><div class='avia_textblock'  itemprop=\"text\" ><p>The practice is currently composed of eight architects and coordinates in the various projects carried out a network of collaborators in different disciplines, with the aim of offering an integral approach to the project, understood as an open and collaborative process that must integrate and respond to increasingly complex demands and operate at different levels, balancing the search for new solutions with the feasibility of carrying them out.<\/p>\n<\/div><\/section><\/p><\/div><\/div><\/div><\/main><!-- close content main element --><\/div><\/div><div id='av_section_2'  class='avia-section av-av_section-2bb5dbc2f4280f0fa9c0823dd68eaa60 main_color avia-section-small avia-no-border-styling  avia-builder-el-7  el_after_av_section  el_before_av_one_full  avia-bg-style-scroll container_wrap fullsize'  ><div class='container av-section-cont-open' ><div class='template-page content  av-content-full alpha units'><div class='post-entry post-entry-type-page post-entry-2053'><div class='entry-content-wrapper clearfix'>\n\n<style type=\"text\/css\" data-created_by=\"avia_inline_auto\" id=\"style-css-av-av_one_third-2a9806ddc94fa2cfc48554a9dcd0a30c\">\n.flex_column.av-av_one_third-2a9806ddc94fa2cfc48554a9dcd0a30c{\nborder-radius:0px 0px 0px 0px;\n-webkit-border-radius:0px 0px 0px 0px;\n-moz-border-radius:0px 0px 0px 0px;\npadding:25px 25px 25px 25px;\nbackground-color:#f7f7f7;\n}\n<\/style>\n<div class='flex_column av-av_one_third-2a9806ddc94fa2cfc48554a9dcd0a30c av_one_third  avia-builder-el-8  el_before_av_one_third  avia-builder-el-first  first no_margin flex_column_div '   ><p>\n<style type=\"text\/css\" data-created_by=\"avia_inline_auto\" id=\"style-css-av-av_heading-81fb57188c1e5d8f25c587a2f572d5fe\">\n#top .av-special-heading.av-av_heading-81fb57188c1e5d8f25c587a2f572d5fe{\npadding-bottom:10px;\n}\nbody .av-special-heading.av-av_heading-81fb57188c1e5d8f25c587a2f572d5fe .av-special-heading-tag .heading-char{\nfont-size:25px;\n}\n.av-special-heading.av-av_heading-81fb57188c1e5d8f25c587a2f572d5fe .av-subheading{\nfont-size:15px;\n}\n<\/style>\n<div  class='av-special-heading av-av_heading-81fb57188c1e5d8f25c587a2f572d5fe av-special-heading-h3 blockquote modern-quote  avia-builder-el-9  el_before_av_textblock  avia-builder-el-first '><h3 class='av-special-heading-tag'  itemprop=\"headline\"  >Distinctions<\/h3><div class=\"special-heading-border\"><div class=\"special-heading-inner-border\"><\/div><\/div><\/div><br \/>\n\n<style type=\"text\/css\" data-created_by=\"avia_inline_auto\" id=\"style-css-av-av_textblock-c09fac0dabe4d96e7430e6715062a98a\">\n#top .av_textblock_section.av-av_textblock-c09fac0dabe4d96e7430e6715062a98a .avia_textblock{\nfont-size:12px;\n}\n<\/style>\n<section  class='av_textblock_section av-av_textblock-c09fac0dabe4d96e7430e6715062a98a'  itemscope=\"itemscope\" itemtype=\"https:\/\/schema.org\/CreativeWork\" ><div class='avia_textblock'  itemprop=\"text\" ><p>Premio de Arquitectura e Rehabilitaci\u00f3n Galicia 2016 (Instituto Galego da Vivenda e do Solo), categor\u00eda obra nueva, finalista: Pabell\u00f3n de Celebraciones en el Pazo de Cea<\/p>\n<p>XVI Premio COAG de Arquitectura \u2013 Categor\u00eda Interiorismo y Reforma Interior<\/p>\n<p>2015, Proyecto de adaptaci\u00f3n de Local Comercial para Bardec\u00f3.<\/p>\n<p>XIII Premio del Colegio Oficial de Arquitectos de Galicia (Rehabilitaci\u00f3n),2009 Dos viviendas en el Casco Vello de Vigo.<\/p>\n<p>III Premio de Arquitectura Ascensores ENOR, Dos viviendas en el Casco Vello de Vigo, finalista<\/p>\n<p>Premio Grande Area de Aportaci\u00f3n a la Arquitectura 2014:Proyecto de Vivienda Unifamiliar en Bueu.<\/p>\n<p>Premio Grande Area de Aportaci\u00f3n a la Arquitectura 2013: Proyecto de Rehabilitaci\u00f3n del Pazo de Cea y Grolos para Hotel de 4* y Pabell\u00f3n de Celebraciones en Nigr\u00e1n.<\/p>\n<p>Premio Grande Area de Aportaci\u00f3n a la Arquitectura 2011: Proyecto de Rehabilitaci\u00f3n de\u00a0 2 Edificios de Viviendas en el Casco Vello.<\/p>\n<p>Premio Grande Area de Aportaci\u00f3n a la Arquitectura 2009: Proyecto de Vivienda Unifamiliar en Aios \u2013 Sanxenxo<\/p>\n<p>Premio Juana de Vega 2009: Proyecto de Vivienda Unifamiliar en Aios \u2013 Sanxenxo (Finalista)<\/p>\n<p>Premio Grande Area de Aportaci\u00f3n a la Arquitectura 2007: Proyecto de rehabilitaci\u00f3n de dos viviendas en el Casco Vello de Vigo.<\/p>\n<p>Premio Grande Area de Aportaci\u00f3n a la Arquitectura 2006, Dos viviendas en el Casco Vello de Vigo<\/p>\n<p>Premio Grande Area de Aportaci\u00f3n a la Arquitectura 2005, 4 Viviendas unifamiliares en Cha\u00edn, Gondomar.<\/p>\n<p>Premio Grande Area de Aportaci\u00f3n a la Arquitectura 2004, Viviendas adosadas Las Terrazas, en Bouzas<\/p>\n<\/div><\/section><\/p><\/div>\n<style type=\"text\/css\" data-created_by=\"avia_inline_auto\" id=\"style-css-av-av_one_third-3c213de1d1bef9179c10d45c97b6102e\">\n.flex_column.av-av_one_third-3c213de1d1bef9179c10d45c97b6102e{\nborder-radius:0px 0px 0px 0px;\n-webkit-border-radius:0px 0px 0px 0px;\n-moz-border-radius:0px 0px 0px 0px;\npadding:25px 25px 25px 25px;\nbackground-color:#f7f7f7;\n}\n<\/style>\n<div class='flex_column av-av_one_third-3c213de1d1bef9179c10d45c97b6102e av_one_third  avia-builder-el-11  el_after_av_one_third  el_before_av_one_third  no_margin flex_column_div '   ><p>\n<style type=\"text\/css\" data-created_by=\"avia_inline_auto\" id=\"style-css-av-av_heading-0cb041a2982eb81c35f8d2181db9e4fa\">\n#top .av-special-heading.av-av_heading-0cb041a2982eb81c35f8d2181db9e4fa{\npadding-bottom:10px;\n}\nbody .av-special-heading.av-av_heading-0cb041a2982eb81c35f8d2181db9e4fa .av-special-heading-tag .heading-char{\nfont-size:25px;\n}\n.av-special-heading.av-av_heading-0cb041a2982eb81c35f8d2181db9e4fa .av-subheading{\nfont-size:15px;\n}\n<\/style>\n<div  class='av-special-heading av-av_heading-0cb041a2982eb81c35f8d2181db9e4fa av-special-heading-h3 blockquote modern-quote  avia-builder-el-12  el_before_av_textblock  avia-builder-el-first '><h3 class='av-special-heading-tag'  itemprop=\"headline\"  >Main publications<\/h3><div class=\"special-heading-border\"><div class=\"special-heading-inner-border\"><\/div><\/div><\/div><br \/>\n\n<style type=\"text\/css\" data-created_by=\"avia_inline_auto\" id=\"style-css-av-av_textblock-c09fac0dabe4d96e7430e6715062a98a\">\n#top .av_textblock_section.av-av_textblock-c09fac0dabe4d96e7430e6715062a98a .avia_textblock{\nfont-size:12px;\n}\n<\/style>\n<section  class='av_textblock_section av-av_textblock-c09fac0dabe4d96e7430e6715062a98a'  itemscope=\"itemscope\" itemtype=\"https:\/\/schema.org\/CreativeWork\" ><div class='avia_textblock'  itemprop=\"text\" ><p><strong>Books<\/strong><\/p>\n<p>XIII Premio COAG\u00a0 de Arquitectura, Colexio Oficial de Arquitectos de Galicia, 2010. Dos viviendas en el Casco Vello de Vigo<\/p>\n<p>Arquitectura y Madera, Carlos Pita Abad y Carlos Quint\u00e1ns Eiras, Lignum Facile 2009 (Pabell\u00f3n de Exposiciones para Feiraco, en el Recinto Ferial de Silleda)<\/p>\n<p>Tercer Premio de Arquitectura Ascensores ENOR, Carlos Quint\u00e1ns ed., Ascensores ENOR 2007. Dos viviendas en el Casco Vello de Vigo<\/p>\n<p>Po\u00e9tica da Casa, eds. Yolanda Casta\u00f1o, Juan Creus y Covadonga Carrasco, Conseller\u00eda da Vivenda e do Solo, 2006 (Dos viviendas en el Casco Vello de Vigo<\/p>\n<p>25 Casas de Galicia 1994-2004, ed. Toni Garc\u00eda, Edicions Espont\u00e1neas 2004 (Vivienda Unifamiliar en Trazo con Jos\u00e9 Valladares)<\/p>\n<p><strong>Journals<\/strong><\/p>\n<p>Obradoiro 34<\/p>\n<p>on dise\u00f1o n. 316, diciembre 2010. Dos viviendas en el Casco Vello de Vigo<\/p>\n<p>via interiorismo n. 16, junio 2008 (Tiendas Roberto Verino en Madrid y Valencia)<\/p>\n<p>Obradoiro 33, Mayo 2008 (Escuela Infantil de Carballo, Viviendas en el Casco Vello\u00a0 de Pontevedra, Dos viviendas en el Casco Vello de Vigo)<\/p>\n<p>Dise\u00f1o Interior n. 189, Abril 2008 (Dos viviendas en el Casco Vello de Vigo<\/p>\n<p>WAM Web Architecture Magazine n. 1-2, Febrero 1997 (Ciudad Refugio)<\/p>\n<\/div><\/section><\/p><\/div>\n<style type=\"text\/css\" data-created_by=\"avia_inline_auto\" id=\"style-css-av-av_one_third-82a05797ef5589a23a8b9e78691d4c65\">\n.flex_column.av-av_one_third-82a05797ef5589a23a8b9e78691d4c65{\nborder-radius:0px 0px 0px 0px;\n-webkit-border-radius:0px 0px 0px 0px;\n-moz-border-radius:0px 0px 0px 0px;\npadding:25px 25px 25px 25px;\nbackground-color:#f7f7f7;\n}\n<\/style>\n<div class='flex_column av-av_one_third-82a05797ef5589a23a8b9e78691d4c65 av_one_third  avia-builder-el-14  el_after_av_one_third  avia-builder-el-last  no_margin flex_column_div '   ><p>\n<style type=\"text\/css\" data-created_by=\"avia_inline_auto\" id=\"style-css-av-av_heading-1a9269731b20f55068e0daed10b6861e\">\n#top .av-special-heading.av-av_heading-1a9269731b20f55068e0daed10b6861e{\npadding-bottom:10px;\n}\nbody .av-special-heading.av-av_heading-1a9269731b20f55068e0daed10b6861e .av-special-heading-tag .heading-char{\nfont-size:25px;\n}\n.av-special-heading.av-av_heading-1a9269731b20f55068e0daed10b6861e .av-subheading{\nfont-size:15px;\n}\n<\/style>\n<div  class='av-special-heading av-av_heading-1a9269731b20f55068e0daed10b6861e av-special-heading-h3 blockquote modern-quote  avia-builder-el-15  el_before_av_textblock  avia-builder-el-first '><h3 class='av-special-heading-tag'  itemprop=\"headline\"  >Exhibitions and conferences<\/h3><div class=\"special-heading-border\"><div class=\"special-heading-inner-border\"><\/div><\/div><\/div><br \/>\n\n<style type=\"text\/css\" data-created_by=\"avia_inline_auto\" id=\"style-css-av-av_textblock-c09fac0dabe4d96e7430e6715062a98a\">\n#top .av_textblock_section.av-av_textblock-c09fac0dabe4d96e7430e6715062a98a .avia_textblock{\nfont-size:12px;\n}\n<\/style>\n<section  class='av_textblock_section av-av_textblock-c09fac0dabe4d96e7430e6715062a98a'  itemscope=\"itemscope\" itemtype=\"https:\/\/schema.org\/CreativeWork\" ><div class='avia_textblock'  itemprop=\"text\" ><p>Paisaje de Incertidumbres, conferencia para la edici\u00f3n 2016 de Arquitectura y Territorio Rural. Callobre, julio de 2016<\/p>\n<p>1 ciclo de conferencias \u201c13 + 1 Hechos construidos\u201d, delegaci\u00f3n del COAG en Coru\u00f1a, Conferencia Proyectos Casa Guiti\u00e1n y Pabell\u00f3n Pazo de Cea. Noviembre de 2013<\/p>\n<p>Conferencias 7 Olladas de Perto, S\u00e9ptima Panor\u00e1mica da Arquitectura Construida na Proximidade, ETSAC 2013, A Coru\u00f1a, noviembre-diciembre 2013<\/p>\n<p>La Construcci\u00f3n de la Forma, Conferencia ETSAC, A Coru\u00f1a, mayo 2011<\/p>\n<p>6 Olladas de Perto, Quinta Panor\u00e1mica da Arquitectura Construida na Proximidade, conferencia, ETSAC 2007, A Coru\u00f1a, noviembre 2010<\/p>\n<p>XIII Premio del Colegio Oficial de Arquitectos de Galicia, exposici\u00f3n (2009)<\/p>\n<p>Escuela Infantil de Carballo, Conferencia ETSAC, A Coru\u00f1a, marzo 2009<\/p>\n<p>25 Casas de Galicia 1994-2004, exposici\u00f3n<\/p>\n<p>Obras y Proyectos, MARCO (Museo de Arte Contempor\u00e1neo), Vigo, junio 2008<\/p>\n<p>Tres Obras, Fundaci\u00f3n Luis Seoane, Presentaci\u00f3n Obradoiro 33, A Coru\u00f1a, mayo 2008<\/p>\n<p>Premios Grande Area de Aportaci\u00f3n a la Arquitectura, exposici\u00f3n (2006)<\/p>\n<p>Arquitectura del Camino \u2013 Albergues del Camino de Santiago, exposici\u00f3n (2006)<\/p>\n<p>6 Olladas de Perto, Primeira Panor\u00e1mica da Arquitectura Construida na Proximidade, conferencia, ETSAC 2007, A Coru\u00f1a, febrero 2006<\/p>\n<p>Premios Grande Area de Aportaci\u00f3n a la Arquitectura 2004, exposici\u00f3n<\/p>\n<\/div><\/section><\/p><\/div>\n<\/div><\/div><\/div><!-- close content main div --><\/div><\/div><div id='after_section_2'  class='main_color av_default_container_wrap container_wrap fullsize'  ><div class='container av-section-cont-open' ><div class='template-page content  av-content-full alpha units'><div class='post-entry post-entry-type-page post-entry-2053'><div class='entry-content-wrapper clearfix'><\/p>\n\n<style type=\"text\/css\" data-created_by=\"avia_inline_auto\" id=\"style-css-av-av_one_full-826c1c0ca2001783299b013bb6b50dff\">\n.flex_column.av-av_one_full-826c1c0ca2001783299b013bb6b50dff{\nborder-radius:0px 0px 0px 0px;\n-webkit-border-radius:0px 0px 0px 0px;\n-moz-border-radius:0px 0px 0px 0px;\n}\n<\/style>\n<div class='flex_column av-av_one_full-826c1c0ca2001783299b013bb6b50dff av_one_full  avia-builder-el-17  el_after_av_section  avia-builder-el-no-sibling  first flex_column_div av-zero-column-padding '   ><p>\n<style type=\"text\/css\" data-created_by=\"avia_inline_auto\" id=\"style-css-av-av_hr-616cd310f4c6bf63bbd1f033802c1165\">\n#top .hr.hr-invisible.av-av_hr-616cd310f4c6bf63bbd1f033802c1165{\nheight:20px;\n}\n<\/style>\n<div  class='hr av-av_hr-616cd310f4c6bf63bbd1f033802c1165 hr-invisible  avia-builder-el-18  el_before_av_image  avia-builder-el-first '><span class='hr-inner '><span class=\"hr-inner-style\"><\/span><\/span><\/div><br \/>\n\n<style type=\"text\/css\" data-created_by=\"avia_inline_auto\" id=\"style-css-av-miohnnpm-f6f2721cc007523383c7d495ccd99fd1\">\n.avia-image-container.av-miohnnpm-f6f2721cc007523383c7d495ccd99fd1 .av-image-caption-overlay-center{\ncolor:#ffffff;\n}\n<\/style>\n<div  class='avia-image-container av-miohnnpm-f6f2721cc007523383c7d495ccd99fd1 av-styling- avia-align-left  avia-builder-el-19  el_after_av_hr  avia-builder-el-last '  itemprop=\"image\" itemscope=\"itemscope\" itemtype=\"https:\/\/schema.org\/ImageObject\" ><div class=\"avia-image-container-inner\"><div class=\"avia-image-overlay-wrap\"><img decoding=\"async\" class='wp-image-2959 avia-img-lazy-loading-not-2959 avia_image' src=\"https:\/\/villaceycominges.com\/wp-content\/uploads\/2025\/09\/estudio-02-736x1030.jpg\" alt='' title='estudio-02'  height=\"1030\" width=\"736\"  itemprop=\"thumbnailUrl\" srcset=\"https:\/\/villaceycominges.com\/wp-content\/uploads\/2025\/09\/estudio-02-736x1030.jpg 736w, https:\/\/villaceycominges.com\/wp-content\/uploads\/2025\/09\/estudio-02-214x300.jpg 214w, https:\/\/villaceycominges.com\/wp-content\/uploads\/2025\/09\/estudio-02-768x1075.jpg 768w, https:\/\/villaceycominges.com\/wp-content\/uploads\/2025\/09\/estudio-02-1097x1536.jpg 1097w, https:\/\/villaceycominges.com\/wp-content\/uploads\/2025\/09\/estudio-02-1072x1500.jpg 1072w, https:\/\/villaceycominges.com\/wp-content\/uploads\/2025\/09\/estudio-02-504x705.jpg 504w, https:\/\/villaceycominges.com\/wp-content\/uploads\/2025\/09\/estudio-02.jpg 1143w\" sizes=\"(max-width: 736px) 100vw, 736px\" \/><\/div><\/div><\/div><\/p><\/div>\n","protected":false},"excerpt":{"rendered":"","protected":false},"author":2,"featured_media":0,"parent":0,"menu_order":0,"comment_status":"closed","ping_status":"closed","template":"","meta":{"footnotes":""},"class_list":["post-2053","page","type-page","status-publish","hentry"],"_links":{"self":[{"href":"https:\/\/villaceycominges.com\/en\/wp-json\/wp\/v2\/pages\/2053","targetHints":{"allow":["GET"]}}],"collection":[{"href":"https:\/\/villaceycominges.com\/en\/wp-json\/wp\/v2\/pages"}],"about":[{"href":"https:\/\/villaceycominges.com\/en\/wp-json\/wp\/v2\/types\/page"}],"author":[{"embeddable":true,"href":"https:\/\/villaceycominges.com\/en\/wp-json\/wp\/v2\/users\/2"}],"replies":[{"embeddable":true,"href":"https:\/\/villaceycominges.com\/en\/wp-json\/wp\/v2\/comments?post=2053"}],"version-history":[{"count":41,"href":"https:\/\/villaceycominges.com\/en\/wp-json\/wp\/v2\/pages\/2053\/revisions"}],"predecessor-version":[{"id":2990,"href":"https:\/\/villaceycominges.com\/en\/wp-json\/wp\/v2\/pages\/2053\/revisions\/2990"}],"wp:attachment":[{"href":"https:\/\/villaceycominges.com\/en\/wp-json\/wp\/v2\/media?parent=2053"}],"curies":[{"name":"wp","href":"https:\/\/api.w.org\/{rel}","templated":true}]}}