{"id":1996,"date":"2017-10-03T17:42:05","date_gmt":"2017-10-03T15:42:05","guid":{"rendered":"http:\/\/villaceycominges.com\/politica-de-privacidad\/"},"modified":"2017-12-27T13:43:01","modified_gmt":"2017-12-27T12:43:01","slug":"privacy-policy","status":"publish","type":"page","link":"https:\/\/villaceycominges.com\/en\/privacy-policy\/","title":{"rendered":"Privacy Policy"},"content":{"rendered":"\n<style type=\"text\/css\" data-created_by=\"avia_inline_auto\" id=\"style-css-av-av_section-3673aeabebafd549aba4f713972e01e0\">\n.avia-section.av-av_section-3673aeabebafd549aba4f713972e01e0{\nbackground-color:#f4f4f4;\nbackground-image:unset;\n}\n<\/style>\n<div id='av_section_1'  class='avia-section av-av_section-3673aeabebafd549aba4f713972e01e0 main_color avia-section-default avia-no-border-styling  avia-builder-el-0  avia-builder-el-no-sibling  avia-bg-style-scroll av-minimum-height av-minimum-height-75  container_wrap fullsize'   data-av_minimum_height_pc='75'><div class='container av-section-cont-open' ><main  role=\"main\" itemprop=\"mainContentOfPage\"  class='template-page content  av-content-full alpha units'><div class='post-entry post-entry-type-page post-entry-1996'><div class='entry-content-wrapper clearfix'>\n\n<style type=\"text\/css\" data-created_by=\"avia_inline_auto\" id=\"style-css-av-av_heading-7d03e2b05754ff07e82ec4e662453951\">\n#top .av-special-heading.av-av_heading-7d03e2b05754ff07e82ec4e662453951{\npadding-bottom:10px;\n}\nbody .av-special-heading.av-av_heading-7d03e2b05754ff07e82ec4e662453951 .av-special-heading-tag .heading-char{\nfont-size:25px;\n}\n.av-special-heading.av-av_heading-7d03e2b05754ff07e82ec4e662453951 .av-subheading{\nfont-size:15px;\n}\n<\/style>\n<div  class='av-special-heading av-av_heading-7d03e2b05754ff07e82ec4e662453951 av-special-heading-h3 blockquote modern-quote  avia-builder-el-1  el_before_av_textblock  avia-builder-el-first '><h3 class='av-special-heading-tag'  itemprop=\"headline\"  >Privacy Policy<\/h3><div class=\"special-heading-border\"><div class=\"special-heading-inner-border\"><\/div><\/div><\/div>\n<section  class='av_textblock_section av-av_textblock-2de302bf1aa3cf4c9157dbe6f50ac7eb'  itemscope=\"itemscope\" itemtype=\"https:\/\/schema.org\/CreativeWork\" ><div class='avia_textblock'  itemprop=\"text\" ><p><strong>1. Identificaci\u00f3n del titular.<\/strong><br \/>\nDenominaci\u00f3n social: VILLAC\u00c9 Y COMINGES, S.L.P. Domicilio social: C\/ Marqu\u00e9s de Valladares 9 \u2013 CP: 36201 Vigo (Pontevedra). C.I.F B27783323. Nombre de dominio: http:\/\/villaceycominges.com. Datos de contacto: Direcci\u00f3n postal: C\/ Marqu\u00e9s de Valladares 9 \u2013 CP: 36201 Vigo (Pontevedra). Tel\u00e9fono de atenci\u00f3n al cliente: 886135585. Direcci\u00f3n de correo electr\u00f3nico: martincominges@coag.es<\/p>\n<p><strong>2. Informaci\u00f3n al usuario de la existencia del fichero y solicitud del consentimiento para el tratamiento automatizado de sus datos personales.<\/strong><br \/>\nVILLAC\u00c9 Y COMINGES, S.L.P. (en adelante, VILLAC\u00c9 Y COMINGES) cumple estrictamente la normativa vigente y aplicable en materia de protecci\u00f3n de datos de car\u00e1cter personal, establecida en la Ley 15\/1999 de Protecci\u00f3n de Datos de Car\u00e1cter Personal (LOPD) y su normativa de desarrollo, e informa a los USUARIOS de su sitio web de que dichos datos ser\u00e1n incorporados en un fichero para su tratamiento automatizado. Los USUARIOS, mediante la marcaci\u00f3n de la casilla correspondiente en los formularios que as\u00ed lo requieran, dan su consentimiento a dicho tratamiento.<\/p>\n<p><strong>3. Finalidad de los datos<\/strong><br \/>\nVILLAC\u00c9 Y COMINGES recoge determinados datos personales que son introducidos por el USUARIO libremente en un formulario con la finalidad de poder contratar los distintos servicios, as\u00ed como contestar e identificar las peticiones realizadas por el USUARIO. VILLAC\u00c9 Y COMINGES informa que dichos datos podr\u00e1n ser tratados para las siguientes finalidades: Remisi\u00f3n de comunicaciones comerciales relacionadas con los productos o servicios ofrecidos por VILLAC\u00c9 Y COMINGES, elaboraci\u00f3n de estudios estad\u00edsticos, tramitaci\u00f3n de encargos, solicitudes o cualquier otro tipo de petici\u00f3n que sea realizada por el usuario a trav\u00e9s de cualquiera de las formas de contacto que se ponen a disposici\u00f3n del usuario en el sitio web www.xlarquitectos.com, remisi\u00f3n del bolet\u00edn de noticias del sitio web.<\/p>\n<p><strong>4. Obligatoriedad de la introducci\u00f3n de los datos.<\/strong><br \/>\nPara acceder al sitio web http:\/\/villace-cominges.com no es necesario aportar ning\u00fan dato de car\u00e1cter personal. No obstante, para realizar solicitudes de informaci\u00f3n, contratar alg\u00fan servicio, o realizar la compra de un servicio es necesario que el USUARIO aporte sus datos en los formularios existentes en el sitio web. Todos los campos son opcionales excepto aquellos que se se\u00f1alen espec\u00edficamente como obligatorios mediante un asterisco (*). En caso de que no sean facilitados todos los datos, VILLAC\u00c9 Y COMINGES no garantiza que la informaci\u00f3n y servicios facilitados sean completamente ajustados a las necesidades del USUARIO.<\/p>\n<p><strong>5. Derechos de acceso, rectificaci\u00f3n, cancelaci\u00f3n y oposici\u00f3n.<\/strong><br \/>\nVILLAC\u00c9 Y COMINGES garantiza en todo caso al USUARIO el ejercicio de los derechos de acceso, rectificaci\u00f3n, cancelaci\u00f3n, informaci\u00f3n y oposici\u00f3n, en los t\u00e9rminos dispuestos en la legislaci\u00f3n vigente. Por ello, de conformidad con lo dispuesto en la Ley Org\u00e1nica 15\/1999, de Protecci\u00f3n de Datos de Car\u00e1cter Personal (LOPD) podr\u00e1 ejercer sus derechos remitiendo una solicitud expresa, junto a una copia de su DNI, a trav\u00e9s de los siguientes medios: E-Mail: martincominges@coag.es Correo postal: C\/ Marqu\u00e9s de Valladares 9 \u2013 CP: 36201 Vigo (Pontevedra).<\/p>\n<p><strong>6. Responsable del tratamiento.<\/strong><br \/>\nEl responsable del tratamiento de los datos es VILLAC\u00c9 Y COMINGES, S.L.P, con domicilio social en C\/ Marqu\u00e9s de Valladares 9 \u2013 CP: 36201 Vigo (Pontevedra). VILLAC\u00c9 Y COMINGES ha inscrito debidamente sus ficheros en la Agencia Espa\u00f1ola de Protecci\u00f3n de Datos, pudi\u00e9ndose consultar los mismos en www.agpd.es.<\/p>\n<p><strong>7. Cesi\u00f3n de los datos.<\/strong><br \/>\nVILLAC\u00c9 Y COMINGES informa y garantiza expresamente al USUARIO que sus datos personales no ser\u00e1n cedidos en ning\u00fan caso a terceras compa\u00f1\u00edas sin contar con el consentimiento expreso, previo, informado e inequ\u00edvoco por parte de los titulares.<\/p>\n<p><strong>8. Utilizaci\u00f3n de cookies.<\/strong><br \/>\nVILLAC\u00c9 Y COMINGES utiliza cookies para obtener informaci\u00f3n y realizar an\u00e1lisis estad\u00edsticos sobre el uso del sitio web www.villaceycominges.com. Las cookies utilizadas por VILLAC\u00c9 Y COMINGES son an\u00f3nimas y no se refieren a los datos personales del USUARIO, ni en ning\u00fan caso permite el acceso a terceros a los datos que el USUARIO pueda tener en su equipo personal.<\/p>\n<p><strong>9. Direcciones IP.<\/strong><br \/>\nLos servidores del sitio web www.villaceycominges.com podr\u00e1n detectar de manera autom\u00e1tica la direcci\u00f3n IP y el nombre de dominio utilizados por el usuario. Una direcci\u00f3n IP es un n\u00famero asignado autom\u00e1ticamente a un ordenador cuando \u00e9ste se conecta a Internet. Dicha informaci\u00f3n puede ser registrada en un fichero de actividad del servidor debidamente inscrito que permite el posterior procesamiento de los datos con el fin de obtener mediciones estad\u00edsticas que permitan conocer el n\u00famero de impresiones de p\u00e1ginas, el n\u00famero de visitas realizadas a los servicios web, el orden de visitas, el punto de acceso, etc.<\/p>\n<p><strong>10. Seguridad.<\/strong><br \/>\nVILLAC\u00c9 Y COMINGES asegura la absoluta confidencialidad y privacidad de los datos personales recogidos y ha adoptado las medidas t\u00e9cnicas y de organizaci\u00f3n necesarias para garantizar la seguridad e integridad de los datos de car\u00e1cter personal que trate, as\u00ed como para evitar su p\u00e9rdida, alteraci\u00f3n y\/o acceso por parte de terceros no autorizados. No obstante, VILLAC\u00c9 Y COMINGES no ser\u00e1 responsable de las incidencias que puedan surgir en torno a datos personales cuando estas se deriven de causas ajenas a su control, o bien a una falta de diligencia del USUARIO en cuanto a la guardia y custodia de sus claves y datos personales.<\/p>\n<p><strong>11. Env\u00edo de correos no solicitados (SPAM)<\/strong><br \/>\nVILLAC\u00c9 Y COMINGES es absolutamente contraria a la pr\u00e1ctica de spam y nunca realiza este tipo de conductas. VILLAC\u00c9 Y COMINGES \u00fanicamente env\u00eda informaci\u00f3n a los correos electr\u00f3nicos facilitados por los usuarios registrados y que, por tanto, hayan aceptado su pol\u00edtica de protecci\u00f3n de datos.<\/p>\n<\/div><\/section>\n\n","protected":false},"excerpt":{"rendered":"","protected":false},"author":2,"featured_media":0,"parent":0,"menu_order":0,"comment_status":"closed","ping_status":"closed","template":"","meta":{"footnotes":""},"class_list":["post-1996","page","type-page","status-publish","hentry"],"_links":{"self":[{"href":"https:\/\/villaceycominges.com\/en\/wp-json\/wp\/v2\/pages\/1996","targetHints":{"allow":["GET"]}}],"collection":[{"href":"https:\/\/villaceycominges.com\/en\/wp-json\/wp\/v2\/pages"}],"about":[{"href":"https:\/\/villaceycominges.com\/en\/wp-json\/wp\/v2\/types\/page"}],"author":[{"embeddable":true,"href":"https:\/\/villaceycominges.com\/en\/wp-json\/wp\/v2\/users\/2"}],"replies":[{"embeddable":true,"href":"https:\/\/villaceycominges.com\/en\/wp-json\/wp\/v2\/comments?post=1996"}],"version-history":[{"count":2,"href":"https:\/\/villaceycominges.com\/en\/wp-json\/wp\/v2\/pages\/1996\/revisions"}],"predecessor-version":[{"id":1999,"href":"https:\/\/villaceycominges.com\/en\/wp-json\/wp\/v2\/pages\/1996\/revisions\/1999"}],"wp:attachment":[{"href":"https:\/\/villaceycominges.com\/en\/wp-json\/wp\/v2\/media?parent=1996"}],"curies":[{"name":"wp","href":"https:\/\/api.w.org\/{rel}","templated":true}]}}